{"id":1872,"date":"2025-03-22T15:15:46","date_gmt":"2025-03-22T15:15:46","guid":{"rendered":"http:\/\/www.analizteknik.com.tr\/test\/?page_id=1872"},"modified":"2025-04-10T18:32:20","modified_gmt":"2025-04-10T18:32:20","slug":"klima","status":"publish","type":"page","link":"https:\/\/www.analizteknik.com.tr\/?page_id=1872","title":{"rendered":"Klima"},"content":{"rendered":"\t\t<div data-elementor-type=\"wp-page\" data-elementor-id=\"1872\" class=\"elementor elementor-1872\">\n\t\t\t\t<div class=\"elementor-element elementor-element-4f393a1 e-grid e-con-boxed e-con e-parent\" data-id=\"4f393a1\" data-element_type=\"container\" data-e-type=\"container\">\n\t\t\t\t\t<div class=\"e-con-inner\">\n\t\t\t\t<div class=\"elementor-element elementor-element-35dc9b9 elementor-widget elementor-widget-text-editor\" data-id=\"35dc9b9\" data-element_type=\"widget\" data-e-type=\"widget\" data-widget_type=\"text-editor.default\">\n\t\t\t\t<div class=\"elementor-widget-container\">\n\t\t\t\t\t\t\t\t\t<p><\/p>\n<p><strong>Klima Teknik Servisi<\/strong><\/p>\n<p><\/p>\n<p><strong>Analiz Teknik Servisi<\/strong> olarak, klimalar\u0131n\u0131z\u0131n so\u011futma, \u0131s\u0131tma gibi meydana gelen her t\u00fcrl\u00fc ar\u0131zalar\u0131n\u0131z i\u00e7in sizlere ayn\u0131 g\u00fcn i\u00e7erisinde profesyonel tamir hizmeti sunmaktay\u0131z.<\/p>\n<p><\/p>\n<p>Klimalar\u0131n\u0131z\u0131n markas\u0131 ne olursa olsun firmam\u0131z taraf\u0131nda her t\u00fcrl\u00fc yedek par\u00e7a sto\u011fumuz mevcuttur. Klimalar\u0131n\u0131z\u0131n ar\u0131zal\u0131 oldu\u011funuzdan \u015f\u00fcpheleniyorsan\u0131z hemen elektrik ba\u011flant\u0131s\u0131n\u0131 kesmeniz \u00f6nerilmektedir.<\/p>\n<p><\/p>\n<p><strong>Klima Teknik Servisi; &#8220;H\u0131zl\u0131 Servis G\u00fcvenli \u0130\u015f\u00e7ilik&#8221;<\/strong><\/p>\n<p><\/p>\n<p><strong>Analiz Teknik Servis<\/strong> olarak \u0130stanbul genelinde klima tamir, bak\u0131m ve montaj servisi olarak \u00f6zellikle evlerimizde kullan\u0131lan klima tamir, bak\u0131m ve montaj konusunda uzmanla\u015fm\u0131\u015f personellerimizle g\u00fcn i\u00e7erisinde gelen servis taleplerine ayn\u0131 g\u00fcn ula\u015f\u0131yor ve sorunu gideriyoruz.<\/p>\n<p><\/p>\t\t\t\t\t\t\t\t<\/div>\n\t\t\t\t<\/div>\n\t\t\t\t<div class=\"elementor-element elementor-element-f146be9 elementor-widget elementor-widget-image\" data-id=\"f146be9\" data-element_type=\"widget\" data-e-type=\"widget\" data-widget_type=\"image.default\">\n\t\t\t\t<div class=\"elementor-widget-container\">\n\t\t\t\t\t\t\t\t\t\t\t\t\t\t\t<img fetchpriority=\"high\" decoding=\"async\" width=\"570\" height=\"447\" src=\"https:\/\/www.analizteknik.com.tr\/wp-content\/uploads\/2025\/04\/klima-tamir.png\" class=\"attachment-large size-large wp-image-2196\" alt=\"\" srcset=\"https:\/\/www.analizteknik.com.tr\/wp-content\/uploads\/2025\/04\/klima-tamir.png 570w, https:\/\/www.analizteknik.com.tr\/wp-content\/uploads\/2025\/04\/klima-tamir-300x235.png 300w\" sizes=\"(max-width: 570px) 100vw, 570px\" \/>\t\t\t\t\t\t\t\t\t\t\t\t\t\t\t<\/div>\n\t\t\t\t<\/div>\n\t\t\t\t\t<\/div>\n\t\t\t\t<\/div>\n\t\t<div class=\"elementor-element elementor-element-13c75616 e-flex e-con-boxed e-con e-parent\" data-id=\"13c75616\" data-element_type=\"container\" data-e-type=\"container\">\n\t\t\t\t\t<div class=\"e-con-inner\">\n\t\t\t\t<div class=\"elementor-element elementor-element-2953b917 elementor-widget elementor-widget-text-editor\" data-id=\"2953b917\" data-element_type=\"widget\" data-e-type=\"widget\" data-widget_type=\"text-editor.default\">\n\t\t\t\t<div class=\"elementor-widget-container\">\n\t\t\t\t\t\t\t\t\t\n<p>18 y\u0131l\u0131 a\u015fk\u0131n s\u00fcredir kesintisiz sekt\u00f6r tecr\u00fcbemiz ve profesyonel kadromuz ile sizlere hizmet vermeye devam ediyoruz.<\/p>\n\n<p>Klima teknik servisi olan firmam\u0131z G\u00fcng\u00f6ren ve \u00e7evre b\u00f6lgelerde ar\u0131za, tamir, bak\u0131m ve montaj hizmetleri sunmaktad\u0131r. H\u0131zl\u0131 G\u00fcvenilir Teknik hizmet almak istiyorsan\u0131z bizleri arayabilirsiniz. Her marka klimalar\u0131n\u0131zda kar\u015f\u0131la\u015ft\u0131\u011f\u0131n\u0131z sorunlar\u0131n \u00e7\u00f6z\u00fcm\u00fc ve tamirat\u0131 i\u00e7in bizlere ba\u015fvurman\u0131z yeterli olacakt\u0131r.<\/p>\n\n<p><strong>Analiz Teknik<\/strong> servis sizlerin kullanm\u0131\u015f oldu\u011fu her marka ve model bula\u015f\u0131k makinesi, \u00e7ama\u015f\u0131r makinesi, buzdolab\u0131, klima, kombi ve k\u00fc\u00e7\u00fck ev aletlerinizin teknik ar\u0131zalar\u0131n\u0131 h\u0131zl\u0131 bir \u015fekilde orijinal par\u00e7alar ile de\u011fi\u015ftirerek tamir imk\u00e2n\u0131 sunmaktad\u0131r.<\/p>\n\n<p><strong>\u0130stanbul\u2019da Analiz Teknik Beyaz E\u015fya Klima Kombi Servisi olarak orijinal par\u00e7alar ve 1 y\u0131l garanti g\u00fcvencesiyle klima performans\u0131n\u0131 ve \u00f6mr\u00fcn\u00fc art\u0131r\u0131yoruz.<\/strong><\/p>\n\n<p><strong>Analiz Teknik Beyaz E\u015fya Servisi<\/strong> olarak Bosch, Ar\u00e7elik, \u0392ek\u03bf, Siemens, Vestel, Regal, Altus, AEG Electrolux, Ariston ba\u015fta olmak \u00fczere t\u00fcm marka ve modellerin tamir, bak\u0131m, onar\u0131m i\u015flerini yapmaktay\u0131z.<\/p>\n\n<p><strong>Hizmet Sundu\u011fumuz B\u00f6lgeler<\/strong><\/p>\n\n<p><strong>Analiz Teknik Beyaz E\u015fya Servis;<\/strong> G\u00fcng\u00f6ren Beyaz E\u015fya Servisi olarak \u0130stanbul G\u00fcng\u00f6ren merkezli olarak G\u00fcng\u00f6ren ba\u015fta olmak \u00fczere, Bah\u00e7elievler, Ba\u011fc\u0131lar, Esenler, Zeytinburnu, Bak\u0131rk\u00f6y, Ba\u015fak\u015fehir, K\u00fc\u00e7\u00fck\u00e7ekmece vb. kom\u015fu il\u00e7elerimize servis hizmeti vermekteyiz.<\/p>\n\n<p><strong>Analiz Teknik Beyaz E\u015fya Servisi;<\/strong> 18 y\u0131l\u0131 a\u015fk\u0131n s\u00fcredir tecr\u00fcbemizle siz de\u011ferli m\u00fc\u015fterilerimize kaliteli ve g\u00fcvenilir hizmet sunmaktay\u0131z.<\/p>\n\n<p>Sizde <strong>Analiz Teknik Beyaz E\u015fya Servisi<\/strong>\u2019 dan teknik servis hizmeti almak istiyorsan\u0131z bizimle ileti\u015fime ge\u00e7meniz yeterlidir.<\/p>\n\t\t\t\t\t\t\t\t<\/div>\n\t\t\t\t<\/div>\n\t\t\t\t\t<\/div>\n\t\t\t\t<\/div>\n\t\t\t\t<\/div>\n\t\t","protected":false},"excerpt":{"rendered":"<p>Klima Teknik Servisi Analiz Teknik Servisi olarak, klimalar\u0131n\u0131z\u0131n so\u011futma, \u0131s\u0131tma gibi meydana gelen her t\u00fcrl\u00fc ar\u0131zalar\u0131n\u0131z i\u00e7in sizlere ayn\u0131 g\u00fcn i\u00e7erisinde profesyonel tamir hizmeti sunmaktay\u0131z. Klimalar\u0131n\u0131z\u0131n markas\u0131 ne olursa olsun firmam\u0131z taraf\u0131nda her t\u00fcrl\u00fc yedek par\u00e7a sto\u011fumuz mevcuttur. Klimalar\u0131n\u0131z\u0131n ar\u0131zal\u0131 oldu\u011funuzdan \u015f\u00fcpheleniyorsan\u0131z hemen elektrik ba\u011flant\u0131s\u0131n\u0131 kesmeniz \u00f6nerilmektedir. Klima Teknik Servisi; &#8220;H\u0131zl\u0131 Servis G\u00fcvenli \u0130\u015f\u00e7ilik&#8221; Analiz Teknik Servis olarak \u0130stanbul genelinde klima tamir, bak\u0131m ve montaj servisi olarak \u00f6zellikle evlerimizde kullan\u0131lan klima tamir, bak\u0131m ve montaj konusunda uzmanla\u015fm\u0131\u015f personellerimizle g\u00fcn i\u00e7erisinde gelen servis taleplerine ayn\u0131 g\u00fcn ula\u015f\u0131yor ve sorunu gideriyoruz. 18 y\u0131l\u0131 a\u015fk\u0131n s\u00fcredir kesintisiz sekt\u00f6r tecr\u00fcbemiz ve profesyonel kadromuz ile&#8230; <\/p>\n","protected":false},"author":2,"featured_media":0,"parent":0,"menu_order":0,"comment_status":"closed","ping_status":"closed","template":"template-parts\/template-full-width.php","meta":{"_joinchat":[],"footnotes":""},"class_list":["post-1872","page","type-page","status-publish","hentry"],"yoast_head":"<!-- This site is optimized with the Yoast SEO plugin v27.4 - https:\/\/yoast.com\/product\/yoast-seo-wordpress\/ -->\n<title>Klima - Analiz Teknik<\/title>\n<meta name=\"robots\" content=\"index, follow, max-snippet:-1, max-image-preview:large, max-video-preview:-1\" \/>\n<link rel=\"canonical\" href=\"https:\/\/www.analizteknik.com.tr\/?page_id=1872\" \/>\n<meta property=\"og:locale\" content=\"tr_TR\" \/>\n<meta property=\"og:type\" content=\"article\" \/>\n<meta property=\"og:title\" content=\"Klima - Analiz Teknik\" \/>\n<meta property=\"og:description\" content=\"Klima Teknik Servisi Analiz Teknik Servisi olarak, klimalar\u0131n\u0131z\u0131n so\u011futma, \u0131s\u0131tma gibi meydana gelen her t\u00fcrl\u00fc ar\u0131zalar\u0131n\u0131z i\u00e7in sizlere ayn\u0131 g\u00fcn i\u00e7erisinde profesyonel tamir hizmeti sunmaktay\u0131z. Klimalar\u0131n\u0131z\u0131n markas\u0131 ne olursa olsun firmam\u0131z taraf\u0131nda her t\u00fcrl\u00fc yedek par\u00e7a sto\u011fumuz mevcuttur. Klimalar\u0131n\u0131z\u0131n ar\u0131zal\u0131 oldu\u011funuzdan \u015f\u00fcpheleniyorsan\u0131z hemen elektrik ba\u011flant\u0131s\u0131n\u0131 kesmeniz \u00f6nerilmektedir. Klima Teknik Servisi; &#8220;H\u0131zl\u0131 Servis G\u00fcvenli \u0130\u015f\u00e7ilik&#8221; Analiz Teknik Servis olarak \u0130stanbul genelinde klima tamir, bak\u0131m ve montaj servisi olarak \u00f6zellikle evlerimizde kullan\u0131lan klima tamir, bak\u0131m ve montaj konusunda uzmanla\u015fm\u0131\u015f personellerimizle g\u00fcn i\u00e7erisinde gelen servis taleplerine ayn\u0131 g\u00fcn ula\u015f\u0131yor ve sorunu gideriyoruz. 18 y\u0131l\u0131 a\u015fk\u0131n s\u00fcredir kesintisiz sekt\u00f6r tecr\u00fcbemiz ve profesyonel kadromuz ile...\" \/>\n<meta property=\"og:url\" content=\"https:\/\/www.analizteknik.com.tr\/?page_id=1872\" \/>\n<meta property=\"og:site_name\" content=\"Analiz Teknik\" \/>\n<meta property=\"article:modified_time\" content=\"2025-04-10T18:32:20+00:00\" \/>\n<meta property=\"og:image\" content=\"https:\/\/www.analizteknik.com.tr\/wp-content\/uploads\/2025\/04\/klima-tamir.png\" \/>\n\t<meta property=\"og:image:width\" content=\"570\" \/>\n\t<meta property=\"og:image:height\" content=\"447\" \/>\n\t<meta property=\"og:image:type\" content=\"image\/png\" \/>\n<meta name=\"twitter:card\" content=\"summary_large_image\" \/>\n<meta name=\"twitter:label1\" content=\"Tahmini okuma s\u00fcresi\" \/>\n\t<meta name=\"twitter:data1\" content=\"2 dakika\" \/>\n<script type=\"application\/ld+json\" class=\"yoast-schema-graph\">{\"@context\":\"https:\\\/\\\/schema.org\",\"@graph\":[{\"@type\":\"WebPage\",\"@id\":\"https:\\\/\\\/www.analizteknik.com.tr\\\/?page_id=1872\",\"url\":\"https:\\\/\\\/www.analizteknik.com.tr\\\/?page_id=1872\",\"name\":\"Klima - Analiz Teknik\",\"isPartOf\":{\"@id\":\"https:\\\/\\\/www.analizteknik.com.tr\\\/#website\"},\"primaryImageOfPage\":{\"@id\":\"https:\\\/\\\/www.analizteknik.com.tr\\\/?page_id=1872#primaryimage\"},\"image\":{\"@id\":\"https:\\\/\\\/www.analizteknik.com.tr\\\/?page_id=1872#primaryimage\"},\"thumbnailUrl\":\"https:\\\/\\\/www.analizteknik.com.tr\\\/wp-content\\\/uploads\\\/2025\\\/04\\\/klima-tamir.png\",\"datePublished\":\"2025-03-22T15:15:46+00:00\",\"dateModified\":\"2025-04-10T18:32:20+00:00\",\"breadcrumb\":{\"@id\":\"https:\\\/\\\/www.analizteknik.com.tr\\\/?page_id=1872#breadcrumb\"},\"inLanguage\":\"tr\",\"potentialAction\":[{\"@type\":\"ReadAction\",\"target\":[\"https:\\\/\\\/www.analizteknik.com.tr\\\/?page_id=1872\"]}]},{\"@type\":\"ImageObject\",\"inLanguage\":\"tr\",\"@id\":\"https:\\\/\\\/www.analizteknik.com.tr\\\/?page_id=1872#primaryimage\",\"url\":\"https:\\\/\\\/www.analizteknik.com.tr\\\/wp-content\\\/uploads\\\/2025\\\/04\\\/klima-tamir.png\",\"contentUrl\":\"https:\\\/\\\/www.analizteknik.com.tr\\\/wp-content\\\/uploads\\\/2025\\\/04\\\/klima-tamir.png\",\"width\":570,\"height\":447},{\"@type\":\"BreadcrumbList\",\"@id\":\"https:\\\/\\\/www.analizteknik.com.tr\\\/?page_id=1872#breadcrumb\",\"itemListElement\":[{\"@type\":\"ListItem\",\"position\":1,\"name\":\"Anasayfa\",\"item\":\"https:\\\/\\\/www.analizteknik.com.tr\\\/\"},{\"@type\":\"ListItem\",\"position\":2,\"name\":\"Klima\"}]},{\"@type\":\"WebSite\",\"@id\":\"https:\\\/\\\/www.analizteknik.com.tr\\\/#website\",\"url\":\"https:\\\/\\\/www.analizteknik.com.tr\\\/\",\"name\":\"Analiz Teknik\",\"description\":\"Kombi - Klima - Beyaz e\u015fya Teknik Servisi\",\"publisher\":{\"@id\":\"https:\\\/\\\/www.analizteknik.com.tr\\\/#organization\"},\"potentialAction\":[{\"@type\":\"SearchAction\",\"target\":{\"@type\":\"EntryPoint\",\"urlTemplate\":\"https:\\\/\\\/www.analizteknik.com.tr\\\/?s={search_term_string}\"},\"query-input\":{\"@type\":\"PropertyValueSpecification\",\"valueRequired\":true,\"valueName\":\"search_term_string\"}}],\"inLanguage\":\"tr\"},{\"@type\":\"Organization\",\"@id\":\"https:\\\/\\\/www.analizteknik.com.tr\\\/#organization\",\"name\":\"Analiz Teknik\",\"url\":\"https:\\\/\\\/www.analizteknik.com.tr\\\/\",\"logo\":{\"@type\":\"ImageObject\",\"inLanguage\":\"tr\",\"@id\":\"https:\\\/\\\/www.analizteknik.com.tr\\\/#\\\/schema\\\/logo\\\/image\\\/\",\"url\":\"https:\\\/\\\/www.analizteknik.com.tr\\\/wp-content\\\/uploads\\\/2025\\\/03\\\/analiztekniklogo.png\",\"contentUrl\":\"https:\\\/\\\/www.analizteknik.com.tr\\\/wp-content\\\/uploads\\\/2025\\\/03\\\/analiztekniklogo.png\",\"width\":190,\"height\":61,\"caption\":\"Analiz Teknik\"},\"image\":{\"@id\":\"https:\\\/\\\/www.analizteknik.com.tr\\\/#\\\/schema\\\/logo\\\/image\\\/\"}}]}<\/script>\n<!-- \/ Yoast SEO plugin. -->","yoast_head_json":{"title":"Klima - Analiz Teknik","robots":{"index":"index","follow":"follow","max-snippet":"max-snippet:-1","max-image-preview":"max-image-preview:large","max-video-preview":"max-video-preview:-1"},"canonical":"https:\/\/www.analizteknik.com.tr\/?page_id=1872","og_locale":"tr_TR","og_type":"article","og_title":"Klima - Analiz Teknik","og_description":"Klima Teknik Servisi Analiz Teknik Servisi olarak, klimalar\u0131n\u0131z\u0131n so\u011futma, \u0131s\u0131tma gibi meydana gelen her t\u00fcrl\u00fc ar\u0131zalar\u0131n\u0131z i\u00e7in sizlere ayn\u0131 g\u00fcn i\u00e7erisinde profesyonel tamir hizmeti sunmaktay\u0131z. Klimalar\u0131n\u0131z\u0131n markas\u0131 ne olursa olsun firmam\u0131z taraf\u0131nda her t\u00fcrl\u00fc yedek par\u00e7a sto\u011fumuz mevcuttur. Klimalar\u0131n\u0131z\u0131n ar\u0131zal\u0131 oldu\u011funuzdan \u015f\u00fcpheleniyorsan\u0131z hemen elektrik ba\u011flant\u0131s\u0131n\u0131 kesmeniz \u00f6nerilmektedir. Klima Teknik Servisi; &#8220;H\u0131zl\u0131 Servis G\u00fcvenli \u0130\u015f\u00e7ilik&#8221; Analiz Teknik Servis olarak \u0130stanbul genelinde klima tamir, bak\u0131m ve montaj servisi olarak \u00f6zellikle evlerimizde kullan\u0131lan klima tamir, bak\u0131m ve montaj konusunda uzmanla\u015fm\u0131\u015f personellerimizle g\u00fcn i\u00e7erisinde gelen servis taleplerine ayn\u0131 g\u00fcn ula\u015f\u0131yor ve sorunu gideriyoruz. 18 y\u0131l\u0131 a\u015fk\u0131n s\u00fcredir kesintisiz sekt\u00f6r tecr\u00fcbemiz ve profesyonel kadromuz ile...","og_url":"https:\/\/www.analizteknik.com.tr\/?page_id=1872","og_site_name":"Analiz Teknik","article_modified_time":"2025-04-10T18:32:20+00:00","og_image":[{"width":570,"height":447,"url":"https:\/\/www.analizteknik.com.tr\/wp-content\/uploads\/2025\/04\/klima-tamir.png","type":"image\/png"}],"twitter_card":"summary_large_image","twitter_misc":{"Tahmini okuma s\u00fcresi":"2 dakika"},"schema":{"@context":"https:\/\/schema.org","@graph":[{"@type":"WebPage","@id":"https:\/\/www.analizteknik.com.tr\/?page_id=1872","url":"https:\/\/www.analizteknik.com.tr\/?page_id=1872","name":"Klima - Analiz Teknik","isPartOf":{"@id":"https:\/\/www.analizteknik.com.tr\/#website"},"primaryImageOfPage":{"@id":"https:\/\/www.analizteknik.com.tr\/?page_id=1872#primaryimage"},"image":{"@id":"https:\/\/www.analizteknik.com.tr\/?page_id=1872#primaryimage"},"thumbnailUrl":"https:\/\/www.analizteknik.com.tr\/wp-content\/uploads\/2025\/04\/klima-tamir.png","datePublished":"2025-03-22T15:15:46+00:00","dateModified":"2025-04-10T18:32:20+00:00","breadcrumb":{"@id":"https:\/\/www.analizteknik.com.tr\/?page_id=1872#breadcrumb"},"inLanguage":"tr","potentialAction":[{"@type":"ReadAction","target":["https:\/\/www.analizteknik.com.tr\/?page_id=1872"]}]},{"@type":"ImageObject","inLanguage":"tr","@id":"https:\/\/www.analizteknik.com.tr\/?page_id=1872#primaryimage","url":"https:\/\/www.analizteknik.com.tr\/wp-content\/uploads\/2025\/04\/klima-tamir.png","contentUrl":"https:\/\/www.analizteknik.com.tr\/wp-content\/uploads\/2025\/04\/klima-tamir.png","width":570,"height":447},{"@type":"BreadcrumbList","@id":"https:\/\/www.analizteknik.com.tr\/?page_id=1872#breadcrumb","itemListElement":[{"@type":"ListItem","position":1,"name":"Anasayfa","item":"https:\/\/www.analizteknik.com.tr\/"},{"@type":"ListItem","position":2,"name":"Klima"}]},{"@type":"WebSite","@id":"https:\/\/www.analizteknik.com.tr\/#website","url":"https:\/\/www.analizteknik.com.tr\/","name":"Analiz Teknik","description":"Kombi - Klima - Beyaz e\u015fya Teknik Servisi","publisher":{"@id":"https:\/\/www.analizteknik.com.tr\/#organization"},"potentialAction":[{"@type":"SearchAction","target":{"@type":"EntryPoint","urlTemplate":"https:\/\/www.analizteknik.com.tr\/?s={search_term_string}"},"query-input":{"@type":"PropertyValueSpecification","valueRequired":true,"valueName":"search_term_string"}}],"inLanguage":"tr"},{"@type":"Organization","@id":"https:\/\/www.analizteknik.com.tr\/#organization","name":"Analiz Teknik","url":"https:\/\/www.analizteknik.com.tr\/","logo":{"@type":"ImageObject","inLanguage":"tr","@id":"https:\/\/www.analizteknik.com.tr\/#\/schema\/logo\/image\/","url":"https:\/\/www.analizteknik.com.tr\/wp-content\/uploads\/2025\/03\/analiztekniklogo.png","contentUrl":"https:\/\/www.analizteknik.com.tr\/wp-content\/uploads\/2025\/03\/analiztekniklogo.png","width":190,"height":61,"caption":"Analiz Teknik"},"image":{"@id":"https:\/\/www.analizteknik.com.tr\/#\/schema\/logo\/image\/"}}]}},"_links":{"self":[{"href":"https:\/\/www.analizteknik.com.tr\/index.php?rest_route=\/wp\/v2\/pages\/1872","targetHints":{"allow":["GET"]}}],"collection":[{"href":"https:\/\/www.analizteknik.com.tr\/index.php?rest_route=\/wp\/v2\/pages"}],"about":[{"href":"https:\/\/www.analizteknik.com.tr\/index.php?rest_route=\/wp\/v2\/types\/page"}],"author":[{"embeddable":true,"href":"https:\/\/www.analizteknik.com.tr\/index.php?rest_route=\/wp\/v2\/users\/2"}],"replies":[{"embeddable":true,"href":"https:\/\/www.analizteknik.com.tr\/index.php?rest_route=%2Fwp%2Fv2%2Fcomments&post=1872"}],"version-history":[{"count":3,"href":"https:\/\/www.analizteknik.com.tr\/index.php?rest_route=\/wp\/v2\/pages\/1872\/revisions"}],"predecessor-version":[{"id":2199,"href":"https:\/\/www.analizteknik.com.tr\/index.php?rest_route=\/wp\/v2\/pages\/1872\/revisions\/2199"}],"wp:attachment":[{"href":"https:\/\/www.analizteknik.com.tr\/index.php?rest_route=%2Fwp%2Fv2%2Fmedia&parent=1872"}],"curies":[{"name":"wp","href":"https:\/\/api.w.org\/{rel}","templated":true}]}}